{"id":1284,"date":"2021-05-21T11:35:06","date_gmt":"2021-05-21T11:35:06","guid":{"rendered":"https:\/\/europify.cento.red\/?page_id=1284"},"modified":"2022-03-16T07:22:45","modified_gmt":"2022-03-16T07:22:45","slug":"networks","status":"publish","type":"page","link":"https:\/\/europify.at\/en\/networks\/","title":{"rendered":"NETWORK"},"content":{"rendered":"\n<p>Europify &#8211; Independent Institute for European Education &amp; Integration, is rooted in Austria, Vienna, and networked throughout Europe. We are always interested in innovative, European cooperation and dissemination projects as well as transnational consortia.<\/p>\n\n\n\n<p>Selection of our network partners:<\/p>\n\n\n\n<p><a href=\"http:\/\/www.europarl.europa.eu\/austria\/\" target=\"_blank\" rel=\"noreferrer noopener\">Europ\u00e4isches Parlament \u2013 Verbindungsb\u00fcro \u00d6sterreich<\/a><\/p>\n\n\n\n<p><a href=\"https:\/\/eacea.ec.europa.eu\/node\/363_de\" target=\"_blank\" rel=\"noreferrer noopener\">Exekutivagentur Bildung, Audiovisuelles und Kultur, Erasmus+, EACEA<\/a><\/p>\n\n\n\n<p><a href=\"https:\/\/bildung.erasmusplus.at\/\" target=\"_blank\" rel=\"noreferrer noopener\">Nationalagentur Erasmus+, Bildung \u2013 \u00d6AD<\/a><\/p>\n\n\n\n<p><a href=\"https:\/\/eacea.ec.europa.eu\/erasmus-plus\/aktionen\/jean-monnet\/erasmus-plus-%E2%80%93-jean-monnet-%E2%80%93-projekte_de\" target=\"_blank\" rel=\"noreferrer noopener\">Jean Monnet-Netzwerk<\/a><\/p>\n\n\n\n<p><a href=\"https:\/\/europainfo.at\/\" target=\"_blank\" rel=\"noreferrer noopener\">Europe Direct \u00d6sterreich<\/a><\/p>\n\n\n\n<p><a href=\"https:\/\/poledu.at\/\" target=\"_blank\" rel=\"noreferrer noopener\">Politics &amp; Education \u2013 PolEdu<\/a><\/p>\n\n\n\n<p><a href=\"http:\/\/www.wikiphilo.at\/\" target=\"_blank\" rel=\"noreferrer noopener\">Wiener Institut f\u00fcr Kinderphilosophie \u2013 WIKiPhilo<\/a><\/p>\n\n\n\n<p><a href=\"https:\/\/wien.arbeiterkammer.at\/bildung\" target=\"_blank\" rel=\"noreferrer noopener\">Arbeiterkammer, AK-Bildung, Wien<\/a><\/p>\n\n\n\n<p><a href=\"http:\/\/xn--gfe:%20https-3ib\/\/oegfe.at\/\" target=\"_blank\" rel=\"noreferrer noopener\">\u00d6sterreichische Gesellschaft f\u00fcr Europapolitik<\/a><\/p>\n\n\n\n<p><a href=\"http:\/\/www.clubeuropa.at\/site\/\" target=\"_blank\" rel=\"noreferrer noopener\">Club Europa Wien<\/a><\/p>\n\n\n\n<p><a href=\"https:\/\/www.teachforaustria.at\/\" target=\"_blank\" rel=\"noreferrer noopener\">Teach for Austria<\/a><\/p>\n\n\n\n<p><a href=\"http:\/\/www.idm.at\/\" target=\"_blank\" rel=\"noreferrer noopener\">Das&nbsp;Institut f\u00fcr den Donauraum und Mitteleuropa (IDM<strong>)<\/strong><\/a><\/p>\n\n\n\n<p><a href=\"https:\/\/www.wien.gv.at\/menschen\/integration\/menschenrechtsstadt\/buero.html\" target=\"_blank\" rel=\"noreferrer noopener\">Menschenrechtsb\u00fcro Wien<\/a><\/p>\n\n\n\n<p><a href=\"https:\/\/www.lsr-stmk.gv.at\/service\/eu\" target=\"_blank\" rel=\"noreferrer noopener\">Bildungsdirektion Steiermark \u2013 Internationalisierung<\/a><\/p>\n\n\n\n<p><a href=\"https:\/\/pulseofeurope.eu\/poe-staedte\/oesterreich\/wien\/\" target=\"_blank\" rel=\"noreferrer noopener\">Pulse of Europe, Wien<\/a><\/p>\n\n\n\n<p><a href=\"https:\/\/www.amnesty.at\/\" target=\"_blank\" rel=\"noreferrer noopener\">Amnesty International \u2013 \u00d6sterreich<\/a><\/p>\n\n\n\n<p><a href=\"http:\/\/www.sapereaude.at\/\" target=\"_blank\" rel=\"noreferrer noopener\">Sapere Aude \u2013 Verein zur F\u00f6rderung Politischer Bildung<\/a><\/p>\n\n\n\n<p><a href=\"http:\/\/www.rog.at\/\" target=\"_blank\" rel=\"noreferrer noopener\">Reporter ohne Grenzen \u2013 \u00d6sterreich<\/a><\/p>\n\n\n\n<p><a href=\"https:\/\/frauenspaziergaenge.at\/\" target=\"_blank\" rel=\"noreferrer noopener\">Wiener Frauenspazierg\u00e4nge<\/a><\/p>\n\n\n\n<p><a href=\"https:\/\/www.protestwanderweg.at\/\" target=\"_blank\" rel=\"noreferrer noopener\">Erster Wiener Protestwanderweg<\/a><\/p>\n\n\n\n<p><a href=\"https:\/\/www.politik-lernen.at\/site\/home\" target=\"_blank\" rel=\"noreferrer noopener\">Zentrum Polis \u2013 Politik lernen in der Schule<\/a><\/p>\n\n\n\n<p><a href=\"https:\/\/www.politik-lernen.at\/site\/netzwerkeuropainderschule\" target=\"_blank\" rel=\"noreferrer noopener\">Netzwerk&nbsp;<em>EUropa in der Schule<\/em><\/a><\/p>\n\n\n\n<p><a href=\"https:\/\/tv.orf.at\/orf3\" target=\"_blank\" rel=\"noreferrer noopener\">\u00d6sterreichischer Rundfunk \u2013 ORFIII<\/a><\/p>\n\n\n\n<p><a href=\"https:\/\/www.hdgoe.at\/\" target=\"_blank\" rel=\"noreferrer noopener\">Haus der Geschichte \u00d6sterreich \u2013 HdG\u00d6<\/a><\/p>\n\n\n\n<p><a href=\"https:\/\/historia-europa.ep.eu\/de\/willkommen-im-haus-der-europaeischen-geschichte\" target=\"_blank\" rel=\"noreferrer noopener\">Haus der Europ\u00e4ischen Geschichte \u2013 Br\u00fcssel<\/a><\/p>\n\n\n\n<p><a href=\"https:\/\/this-play.com\/\" target=\"_blank\" rel=\"noreferrer noopener\">THISPLAY \u2013 Creative Studio<\/a><\/p>\n\n\n\n<p><a href=\"http:\/\/www.projekthaus.at\/\" target=\"_blank\" rel=\"noreferrer noopener\">\u00d6IR Projekthaus GmbH<\/a><\/p>\n\n\n\n<p><a href=\"https:\/\/www.justizgeschichte-rechtsstaat.at\/\">Verein Justizgeschichte &amp; Rechtsstaat<\/a><\/p>\n\n\n\n<p><a href=\"https:\/\/www.fokus-europabildung.eu\/\">Fokus Europabildung<\/a><\/p>\n\n\n\n<p><a href=\"http:\/\/www.jungeuni-waldviertel.at\/\">Junge Uni Waldviertel (AT) &#8211; Vysocina (CZ)<\/a><\/p>\n\n\n\n<p><a href=\"https:\/\/demokratie21.at\/\">Demokratie 21<\/a><\/p>\n\n\n\n<p><a href=\"https:\/\/zukunftsrat.at\/\">Zukunftsrat Demokratie<\/a><\/p>\n\n\n\n<p><a href=\"https:\/\/ecit-foundation.eu\/\">ECIT-Foundation: Working for European Citizens Rights<\/a><\/p>\n\n\n\n<p><a href=\"https:\/\/www.nece.eu\/\">NECE &#8211; Networking European Citizenship Education(BPB)<\/a><\/p>\n\n\n\n<p><a href=\"https:\/\/fra.europa.eu\/en\">FRA &#8211; Fundamental Rights Agency der EU<\/a><\/p>\n\n\n\n<p><a href=\"https:\/\/www.schuledesungehorsams.at\/\">SchuDu &#8211; Schule des Ungehorsams<\/a><\/p>\n\n\n\n<p><a href=\"https:\/\/www.viennagoeseurope.eu\/\">Vienna goes Europe<\/a><\/p>\n\n\n\n<p><a href=\"https:\/\/www.europtimus.at\/\">EUROPTIMUS &#8211; Vereinigung f\u00fcr europapolitische Bildung: AEDE Austria<\/a><\/p>\n\n\n\n<p><a href=\"https:\/\/bundesarge.gwk.at\/\">BundesARGE Geografie &#8211; Wirtschaftskunde<\/a><\/p>\n\n\n\n<p><a href=\"http:\/\/www.eb-austria.eu\/\">Europ\u00e4ische Bewegung \u00d6sterreich (EB\u00d6)<\/a><\/p>\n\n\n\n<p><a href=\"https:\/\/ph-ooe.at\/\">P\u00e4dagogische Hochschule Ober\u00f6sterreich (PH O\u00d6)<\/a><\/p>\n\n\n\n<p><a href=\"https:\/\/www.kindermuseum.at\/\">Zoom Kindermuseum (Wien)<\/a><\/p>\n\n\n\n<p><a href=\"https:\/\/www.wienxtra.at\/\">wienXtra (Stadt Wien, Fachbereich Jugend)<\/a><\/p>\n","protected":false},"excerpt":{"rendered":"<p>Europify &#8211; Independent Institute for European Education &amp; Integration, is rooted in Austria, Vienna, and networked throughout Europe. We are always interested in innovative, European cooperation and dissemination projects as well as transnational consortia. Selection of our network partners: Europ\u00e4isches Parlament \u2013 Verbindungsb\u00fcro \u00d6sterreich Exekutivagentur Bildung, Audiovisuelles und Kultur, Erasmus+, EACEA Nationalagentur Erasmus+, Bildung \u2013 [&hellip;]<\/p>\n","protected":false},"author":3,"featured_media":1898,"parent":0,"menu_order":0,"comment_status":"closed","ping_status":"closed","template":"","meta":{"footnotes":""},"class_list":["post-1284","page","type-page","status-publish","has-post-thumbnail","hentry"],"_links":{"self":[{"href":"https:\/\/europify.at\/en\/wp-json\/wp\/v2\/pages\/1284","targetHints":{"allow":["GET"]}}],"collection":[{"href":"https:\/\/europify.at\/en\/wp-json\/wp\/v2\/pages"}],"about":[{"href":"https:\/\/europify.at\/en\/wp-json\/wp\/v2\/types\/page"}],"author":[{"embeddable":true,"href":"https:\/\/europify.at\/en\/wp-json\/wp\/v2\/users\/3"}],"replies":[{"embeddable":true,"href":"https:\/\/europify.at\/en\/wp-json\/wp\/v2\/comments?post=1284"}],"version-history":[{"count":3,"href":"https:\/\/europify.at\/en\/wp-json\/wp\/v2\/pages\/1284\/revisions"}],"predecessor-version":[{"id":1972,"href":"https:\/\/europify.at\/en\/wp-json\/wp\/v2\/pages\/1284\/revisions\/1972"}],"wp:featuredmedia":[{"embeddable":true,"href":"https:\/\/europify.at\/en\/wp-json\/wp\/v2\/media\/1898"}],"wp:attachment":[{"href":"https:\/\/europify.at\/en\/wp-json\/wp\/v2\/media?parent=1284"}],"curies":[{"name":"wp","href":"https:\/\/api.w.org\/{rel}","templated":true}]}}