{"id":1280,"date":"2021-05-21T11:27:09","date_gmt":"2021-05-21T11:27:09","guid":{"rendered":"https:\/\/europify.cento.red\/?page_id=1280"},"modified":"2021-05-21T11:27:09","modified_gmt":"2021-05-21T11:27:09","slug":"impressum","status":"publish","type":"page","link":"https:\/\/europify.at\/en\/impressum\/","title":{"rendered":"IMPRESSUM"},"content":{"rendered":"\n<p><strong>F\u00fcr den Inhalt dieser Website verantwortlich ist<\/strong><\/p>\n\n\n\n<p>Europify \u2013 Unabh\u00e4ngiges Institut f\u00fcr Europ\u00e4ische Bildung &amp; Integration<br><\/p>\n\n\n\n<p>Obmann: Dr. Bernhard K\u00f6hle<br>Vereinssitz: Laudongasse 44\/1\/9, 1080 Wien<br>\u00d6sterreich\/ EU<br>ZVR: 1710705048<\/p>\n\n\n\n<p><\/p>\n\n\n\n<p>Tel.:&nbsp;<a href=\"tel:+43 650 6667282\">+43 650 6667282<\/a><br>E-Mail:&nbsp;<a href=\"https:\/\/mail.google.com\/mail\/?view=cm&amp;fs=1&amp;tf=1&amp;to=team@poledu.at\" target=\"_blank\" rel=\"noreferrer noopener\">office@europify.at<\/a><\/p>\n\n\n\n<p><strong>Informationspflicht laut \u00a7 5 E-Commerce Gesetz, \u00a7 14 Unternehmensgesetzbuch, \u00a7 63 Gewerbeordnung und Offenlegungspflicht laut \u00a725 Mediengesetz.<\/strong><\/p>\n\n\n\n<p><em>EU-Streitschlichtung<\/em><br>Angaben zur Online-Streitbeilegung: Verbraucher haben die M\u00f6glichkeit, Beschwerden an die \u201cOnline Streitbeilegungsplattform der EU\u201d zu <a href=\"https:\/\/ec.europa.eu\/consumers\/odr\/main\/index.cfm?event=main.home2.show&amp;lng=DE\">richten.<\/a> Sie k\u00f6nnen allf\u00e4llige Beschwerde auch an die oben angegebene E-Mail-Adresse richten.<\/p>\n\n\n\n<p><em>Haftung f\u00fcr Inhalte dieser Webseite<\/em><br>Europify entwickeln die Inhalte dieser Webseite st\u00e4ndig weiter und bem\u00fcht sich korrekte und aktuelle Informationen bereitzustellen. Leider k\u00f6nnen wir keine Haftung f\u00fcr die Richtigkeit aller Inhalte auf dieser Webseite \u00fcbernehmen, speziell f\u00fcr jene, die seitens Dritter bereitgestellt wurden. Sollten Ihnen problematische, fehlerhafte oder rechtswidrige Inhalte auffallen, bitte wir Sie uns umgehend zu kontaktieren (office@europify.at).<\/p>\n\n\n\n<p><em>Haftung f\u00fcr Links auf dieser Webseite<\/em><br>Unsere Webseite enth\u00e4lt Links zu anderen Webseiten f\u00fcr deren Inhalt wir nicht verantwortlich sind. Wenn Ihnen rechtswidrige Links auf unserer Webseite auffallen, bitte wir Sie uns das per Mail zu melden.<\/p>\n\n\n\n<p><em>Urheberrechtshinweis<\/em><br>Alle Inhalte dieser Webseite (Bilder, Fotos, Texte, Videos) unterliegen dem Urheberrecht. Falls notwendig, werden wir die unerlaubte Nutzung von Teilen der Inhalte unserer Seite rechtlich verfolgen.<\/p>\n\n\n\n<p>Webdesign: <a href=\"https:\/\/cento.red\" data-type=\"URL\" data-id=\"https:\/\/cento.red\">cento.red<\/a><\/p>\n","protected":false},"excerpt":{"rendered":"<p>F\u00fcr den Inhalt dieser Website verantwortlich ist Europify \u2013 Unabh\u00e4ngiges Institut f\u00fcr Europ\u00e4ische Bildung &amp; Integration Obmann: Dr. Bernhard K\u00f6hleVereinssitz: Laudongasse 44\/1\/9, 1080 Wien\u00d6sterreich\/ EUZVR: 1710705048 Tel.:&nbsp;+43 650 6667282E-Mail:&nbsp;office@europify.at Informationspflicht laut \u00a7 5 E-Commerce Gesetz, \u00a7 14 Unternehmensgesetzbuch, \u00a7 63 Gewerbeordnung und Offenlegungspflicht laut \u00a725 Mediengesetz. EU-StreitschlichtungAngaben zur Online-Streitbeilegung: Verbraucher haben die M\u00f6glichkeit, Beschwerden an [&hellip;]<\/p>\n","protected":false},"author":2,"featured_media":1281,"parent":0,"menu_order":0,"comment_status":"closed","ping_status":"closed","template":"","meta":{"footnotes":""},"class_list":["post-1280","page","type-page","status-publish","has-post-thumbnail","hentry"],"_links":{"self":[{"href":"https:\/\/europify.at\/en\/wp-json\/wp\/v2\/pages\/1280","targetHints":{"allow":["GET"]}}],"collection":[{"href":"https:\/\/europify.at\/en\/wp-json\/wp\/v2\/pages"}],"about":[{"href":"https:\/\/europify.at\/en\/wp-json\/wp\/v2\/types\/page"}],"author":[{"embeddable":true,"href":"https:\/\/europify.at\/en\/wp-json\/wp\/v2\/users\/2"}],"replies":[{"embeddable":true,"href":"https:\/\/europify.at\/en\/wp-json\/wp\/v2\/comments?post=1280"}],"version-history":[{"count":0,"href":"https:\/\/europify.at\/en\/wp-json\/wp\/v2\/pages\/1280\/revisions"}],"wp:featuredmedia":[{"embeddable":true,"href":"https:\/\/europify.at\/en\/wp-json\/"}],"wp:attachment":[{"href":"https:\/\/europify.at\/en\/wp-json\/wp\/v2\/media?parent=1280"}],"curies":[{"name":"wp","href":"https:\/\/api.w.org\/{rel}","templated":true}]}}